{"id":2458,"date":"2015-12-06T12:41:06","date_gmt":"2015-12-06T11:41:06","guid":{"rendered":"https:\/\/www.startupvalley.news\/de\/?page_id=2458"},"modified":"2026-04-28T13:46:43","modified_gmt":"2026-04-28T11:46:43","slug":"kontakt","status":"publish","type":"page","link":"https:\/\/startupvalley.news\/de\/kontakt\/","title":{"rendered":"Kontakt"},"content":{"rendered":"\n<figure class=\"wp-block-image alignwide size-large\"><img loading=\"lazy\" decoding=\"async\" width=\"1024\" height=\"644\" src=\"https:\/\/startupvalley.news\/de\/wp-content\/uploads\/sites\/2\/2023\/02\/contact-1024x644.jpeg\" alt=\"\" class=\"wp-image-95216\" srcset=\"https:\/\/startupvalley.news\/de\/wp-content\/uploads\/sites\/2\/2023\/02\/contact-1024x644.jpeg 1024w, https:\/\/startupvalley.news\/de\/wp-content\/uploads\/sites\/2\/2023\/02\/contact-300x189.jpeg 300w, https:\/\/startupvalley.news\/de\/wp-content\/uploads\/sites\/2\/2023\/02\/contact-768x483.jpeg 768w, https:\/\/startupvalley.news\/de\/wp-content\/uploads\/sites\/2\/2023\/02\/contact-150x94.jpeg 150w, https:\/\/startupvalley.news\/de\/wp-content\/uploads\/sites\/2\/2023\/02\/contact-696x437.jpeg 696w, https:\/\/startupvalley.news\/de\/wp-content\/uploads\/sites\/2\/2023\/02\/contact-1068x671.jpeg 1068w, https:\/\/startupvalley.news\/de\/wp-content\/uploads\/sites\/2\/2023\/02\/contact-668x420.jpeg 668w, https:\/\/startupvalley.news\/de\/wp-content\/uploads\/sites\/2\/2023\/02\/contact-1320x830.jpeg 1320w, https:\/\/startupvalley.news\/de\/wp-content\/uploads\/sites\/2\/2023\/02\/contact.jpeg 1400w\" sizes=\"auto, (max-width: 1024px) 100vw, 1024px\" \/><\/figure>\n\n\n\n<h1 class=\"wp-block-heading\"><strong>CONTACT US \u2013 Werde Teil von StartupValley \ud83d\ude80<\/strong><\/h1>\n\n\n\n<p>Wir lieben Startups \u2013 und genau deshalb suchen wir <strong>dich und deine Geschichte<\/strong>.<\/p>\n\n\n\n<p>Egal, ob du gerade gr\u00fcndest, schon erfolgreich am Markt bist oder dein Startup sichtbar machen m\u00f6chtest: <strong>StartupValley ist deine B\u00fchne.<\/strong><\/p>\n\n\n\n<hr class=\"wp-block-separator has-alpha-channel-opacity is-style-wide\"\/>\n\n\n\n<h3 class=\"wp-block-heading\"><strong>\ud83d\ude80 Startup vorstellen<\/strong><\/h3>\n\n\n\n<p>Du hast ein spannendes Startup gegr\u00fcndet oder bist mitten in der Gr\u00fcndungsphase?<br>Dann nutze die Chance und pr\u00e4sentiere dein Projekt unserer Community aus Gr\u00fcndern, Investoren und Entscheidern.<\/p>\n\n\n\n<p>\ud83d\udc49 Schreib uns einfach eine E-Mail an <strong><a>contact@startupvalley.news<\/a><\/strong><br><strong>Betreff:<\/strong> <em>Startup vorstellen<\/em><\/p>\n\n\n\n<hr class=\"wp-block-separator has-alpha-channel-opacity is-style-wide\"\/>\n\n\n\n<h3 class=\"wp-block-heading\"><strong>\ud83d\udcf0 Pressemeldungen einreichen<\/strong><\/h3>\n\n\n\n<p>Ihr habt News, Updates oder Meilensteine? Dann geh\u00f6rt ihr in unseren Content!<\/p>\n\n\n\n<p>\ud83d\udc49 Nehmt uns mit <strong><a>pr@startupvalley.news<\/a><\/strong> in euren Presseverteiler auf.<\/p>\n\n\n\n<p><strong>Wichtig:<\/strong><\/p>\n\n\n\n<ul class=\"wp-block-list\">\n<li>Bildmaterial im Format <strong>4:3<\/strong> und mind. 1200 x 800 px<\/li>\n\n\n\n<li>Keine Garantie auf Ver\u00f6ffentlichung<\/li>\n\n\n\n<li>Aber: Bei Ver\u00f6ffentlichung besteht die M\u00f6glichkeit auf<br>\u2192 <strong>Social-Media-Features<\/strong><br>\u2192 <strong>Newsletter-Platzierung<\/strong><\/li>\n<\/ul>\n\n\n\n<hr class=\"wp-block-separator has-alpha-channel-opacity is-style-wide\"\/>\n\n\n\n<h3 class=\"wp-block-heading\"><strong>\ud83c\udfa4 Startup Interview<\/strong><\/h3>\n\n\n\n<p>Du willst deine Story erz\u00e4hlen, deine Vision teilen und deine Reichweite steigern?<\/p>\n\n\n\n<p>\ud83d\udc49 Dann starte jetzt den ersten Schritt:<br>E-Mail an <strong><a>contact@startupvalley.news<\/a><\/strong><br><strong>Betreff:<\/strong> <em>Interviewanfrage<\/em><\/p>\n\n\n\n<hr class=\"wp-block-separator has-alpha-channel-opacity is-style-wide\"\/>\n\n\n\n<h3 class=\"wp-block-heading\"><strong>\ud83d\udca1 Deals &amp; Angebote<\/strong><\/h3>\n\n\n\n<p>Du hast ein exklusives Angebot f\u00fcr unsere Leser oder m\u00f6chtest gezielt Reichweite aufbauen?<\/p>\n\n\n\n<p>\ud83d\udc49 Schreib uns an <strong><a>contact@startupvalley.news<\/a><\/strong><br><strong>Betreff:<\/strong> <em>Deal<\/em><\/p>\n\n\n\n<hr class=\"wp-block-separator has-alpha-channel-opacity is-style-wide\"\/>\n\n\n\n<h3 class=\"wp-block-heading\"><strong>\ud83e\udde0 Ideen, Feedback &amp; Kooperationen<\/strong><\/h3>\n\n\n\n<p>Wir sind immer offen f\u00fcr:<\/p>\n\n\n\n<ul class=\"wp-block-list\">\n<li>neue Ideen<\/li>\n\n\n\n<li>spannende Kooperationen<\/li>\n\n\n\n<li>ehrliches Feedback<\/li>\n<\/ul>\n\n\n\n<p>\ud83d\udc49 Schreib uns jederzeit an <strong><a>contact@startupvalley.news<\/a><\/strong><\/p>\n\n\n\n<hr class=\"wp-block-separator has-alpha-channel-opacity is-style-wide\"\/>\n\n\n\n<h2 class=\"wp-block-heading\"><strong>\ud83d\udccd Unser Standort<\/strong><\/h2>\n\n\n\n<p>Located in beautiful Southern Germany \ud83c\udde9\ud83c\uddea<\/p>\n\n\n\n<p><strong>StartupValley Media &amp; Publishing UG (haftungsbeschr\u00e4nkt)<\/strong><br>Bl\u00fccherstra\u00dfe 32<br>D-75177 Pforzheim<\/p>\n\n\n\n<p><strong>CEO &amp; Chefredaktion:<\/strong><br><a href=\"https:\/\/www.linkedin.com\/in\/sabine-elsaesser-60a10971\/\" target=\"_blank\" rel=\"noreferrer noopener\">Sabine Els\u00e4sser<\/a><\/p>\n\n\n\n<hr class=\"wp-block-separator has-alpha-channel-opacity is-style-wide\"\/>\n\n\n\n<h3 class=\"wp-block-heading\"><strong>\ud83d\udc49 Unser Ziel<\/strong><\/h3>\n\n\n\n<p>Wir wollen die Startup-Szene sichtbar machen \u2013 <strong>und dein Startup kann ein Teil davon sein.<\/strong><\/p>\n\n\n\n<p>Also: <strong>Melde dich jetzt und bring deine Story nach drau\u00dfen.<\/strong><\/p>\n\n\n\n<p><strong>Telefon: <\/strong>+49 (0) 7231 6035228 E-Mail: <a href=\"mailto:contact@startupvalley.news\" data-type=\"mailto\" data-id=\"mailto:contact@startupvalley.news\">contact@startupvalley.news<\/a><\/p>\n","protected":false},"excerpt":{"rendered":"<p>CONTACT US \u2013 Werde Teil von StartupValley \ud83d\ude80 Wir lieben Startups \u2013 und genau deshalb suchen wir dich und deine Geschichte. Egal, ob du gerade gr\u00fcndest, schon erfolgreich am Markt bist oder dein Startup sichtbar machen m\u00f6chtest: StartupValley ist deine B\u00fchne. \ud83d\ude80 Startup vorstellen Du hast ein spannendes Startup gegr\u00fcndet oder bist mitten in der [&hellip;]<\/p>\n","protected":false},"author":1,"featured_media":0,"parent":0,"menu_order":0,"comment_status":"closed","ping_status":"closed","template":"","meta":{"_acf_changed":false,"footnotes":""},"class_list":["post-2458","page","type-page","status-publish"],"acf":[],"yoast_head":"<!-- This site is optimized with the Yoast SEO Premium plugin v27.5 (Yoast SEO v27.5) - https:\/\/yoast.com\/product\/yoast-seo-premium-wordpress\/ -->\n<title>Kontakt - StartupValley - Erfolgreich Gr\u00fcnden und durchstarten!<\/title>\n<meta name=\"robots\" content=\"index, follow, max-snippet:-1, max-image-preview:large, max-video-preview:-1\" \/>\n<link rel=\"canonical\" href=\"https:\/\/startupvalley.news\/de\/kontakt\/\" \/>\n<meta property=\"og:locale\" content=\"de_DE\" \/>\n<meta property=\"og:type\" content=\"article\" \/>\n<meta property=\"og:title\" content=\"Kontakt\" \/>\n<meta property=\"og:description\" content=\"CONTACT US \u2013 Werde Teil von StartupValley \ud83d\ude80 Wir lieben Startups \u2013 und genau deshalb suchen wir dich und deine Geschichte. Egal, ob du gerade gr\u00fcndest, schon erfolgreich am Markt bist oder dein Startup sichtbar machen m\u00f6chtest: StartupValley ist deine B\u00fchne. \ud83d\ude80 Startup vorstellen Du hast ein spannendes Startup gegr\u00fcndet oder bist mitten in der [&hellip;]\" \/>\n<meta property=\"og:url\" content=\"https:\/\/startupvalley.news\/de\/kontakt\/\" \/>\n<meta property=\"og:site_name\" content=\"StartupValley - Erfolgreich Gr\u00fcnden und durchstarten!\" \/>\n<meta property=\"article:publisher\" content=\"https:\/\/www.facebook.com\/startupvalleynews\" \/>\n<meta property=\"article:modified_time\" content=\"2026-04-28T11:46:43+00:00\" \/>\n<meta property=\"og:image\" content=\"https:\/\/startupvalley.news\/de\/wp-content\/uploads\/sites\/2\/2023\/02\/contact.jpeg\" \/>\n\t<meta property=\"og:image:width\" content=\"1400\" \/>\n\t<meta property=\"og:image:height\" content=\"880\" \/>\n\t<meta property=\"og:image:type\" content=\"image\/jpeg\" \/>\n<meta name=\"twitter:card\" content=\"summary_large_image\" \/>\n<meta name=\"twitter:site\" content=\"@startup_valley\" \/>\n<meta name=\"twitter:label1\" content=\"Gesch\u00e4tzte Lesezeit\" \/>\n\t<meta name=\"twitter:data1\" content=\"2\u00a0Minuten\" \/>\n<script type=\"application\/ld+json\" class=\"yoast-schema-graph\">{\"@context\":\"https:\\\/\\\/schema.org\",\"@graph\":[{\"@type\":\"WebPage\",\"@id\":\"https:\\\/\\\/startupvalley.news\\\/de\\\/kontakt\\\/\",\"url\":\"https:\\\/\\\/startupvalley.news\\\/de\\\/kontakt\\\/\",\"name\":\"Kontakt - StartupValley - Erfolgreich Gr\u00fcnden und durchstarten!\",\"isPartOf\":{\"@id\":\"https:\\\/\\\/startupvalley.news\\\/de\\\/#website\"},\"primaryImageOfPage\":{\"@id\":\"https:\\\/\\\/startupvalley.news\\\/de\\\/kontakt\\\/#primaryimage\"},\"image\":{\"@id\":\"https:\\\/\\\/startupvalley.news\\\/de\\\/kontakt\\\/#primaryimage\"},\"thumbnailUrl\":\"https:\\\/\\\/startupvalley.news\\\/de\\\/wp-content\\\/uploads\\\/sites\\\/2\\\/2023\\\/02\\\/contact-1024x644.jpeg\",\"datePublished\":\"2015-12-06T11:41:06+00:00\",\"dateModified\":\"2026-04-28T11:46:43+00:00\",\"breadcrumb\":{\"@id\":\"https:\\\/\\\/startupvalley.news\\\/de\\\/kontakt\\\/#breadcrumb\"},\"inLanguage\":\"de\",\"potentialAction\":[{\"@type\":\"ReadAction\",\"target\":[\"https:\\\/\\\/startupvalley.news\\\/de\\\/kontakt\\\/\"]}]},{\"@type\":\"ImageObject\",\"inLanguage\":\"de\",\"@id\":\"https:\\\/\\\/startupvalley.news\\\/de\\\/kontakt\\\/#primaryimage\",\"url\":\"https:\\\/\\\/startupvalley.news\\\/de\\\/wp-content\\\/uploads\\\/sites\\\/2\\\/2023\\\/02\\\/contact.jpeg\",\"contentUrl\":\"https:\\\/\\\/startupvalley.news\\\/de\\\/wp-content\\\/uploads\\\/sites\\\/2\\\/2023\\\/02\\\/contact.jpeg\",\"width\":1400,\"height\":880,\"caption\":\"Group of young multiracial business people are working in modern office. Freelancers in coworking place. Creative and stylish youth.\"},{\"@type\":\"BreadcrumbList\",\"@id\":\"https:\\\/\\\/startupvalley.news\\\/de\\\/kontakt\\\/#breadcrumb\",\"itemListElement\":[{\"@type\":\"ListItem\",\"position\":1,\"name\":\"Home\",\"item\":\"https:\\\/\\\/startupvalley.news\\\/de\\\/\"},{\"@type\":\"ListItem\",\"position\":2,\"name\":\"Kontakt\"}]},{\"@type\":\"WebSite\",\"@id\":\"https:\\\/\\\/startupvalley.news\\\/de\\\/#website\",\"url\":\"https:\\\/\\\/startupvalley.news\\\/de\\\/\",\"name\":\"StartupValley\",\"description\":\"Die neuesten Trends der Startup-Szene: Finanzierung, Innovationen und Erfolgsgeschichten\",\"publisher\":{\"@id\":\"https:\\\/\\\/startupvalley.news\\\/de\\\/#organization\"},\"alternateName\":\"StartupValley Magazin\",\"potentialAction\":[{\"@type\":\"SearchAction\",\"target\":{\"@type\":\"EntryPoint\",\"urlTemplate\":\"https:\\\/\\\/startupvalley.news\\\/de\\\/?s={search_term_string}\"},\"query-input\":{\"@type\":\"PropertyValueSpecification\",\"valueRequired\":true,\"valueName\":\"search_term_string\"}}],\"inLanguage\":\"de\"},{\"@type\":\"Organization\",\"@id\":\"https:\\\/\\\/startupvalley.news\\\/de\\\/#organization\",\"name\":\"StartupValley Media\",\"url\":\"https:\\\/\\\/startupvalley.news\\\/de\\\/\",\"logo\":{\"@type\":\"ImageObject\",\"inLanguage\":\"de\",\"@id\":\"https:\\\/\\\/startupvalley.news\\\/de\\\/#\\\/schema\\\/logo\\\/image\\\/\",\"url\":\"https:\\\/\\\/startupvalley.news\\\/de\\\/wp-content\\\/uploads\\\/sites\\\/2\\\/2020\\\/12\\\/StartupValley-LOGO-neu-retina.png\",\"contentUrl\":\"https:\\\/\\\/startupvalley.news\\\/de\\\/wp-content\\\/uploads\\\/sites\\\/2\\\/2020\\\/12\\\/StartupValley-LOGO-neu-retina.png\",\"width\":460,\"height\":180,\"caption\":\"StartupValley Media\"},\"image\":{\"@id\":\"https:\\\/\\\/startupvalley.news\\\/de\\\/#\\\/schema\\\/logo\\\/image\\\/\"},\"sameAs\":[\"https:\\\/\\\/www.facebook.com\\\/startupvalleynews\",\"https:\\\/\\\/x.com\\\/startup_valley\",\"https:\\\/\\\/www.twitch.tv\\\/startupvalley\",\"https:\\\/\\\/www.linkedin.com\\\/company\\\/startupvalleymagazine\",\"https:\\\/\\\/www.instagram.com\\\/startup_valley\"]}]}<\/script>\n<!-- \/ Yoast SEO Premium plugin. -->","yoast_head_json":{"title":"Kontakt - StartupValley - Erfolgreich Gr\u00fcnden und durchstarten!","robots":{"index":"index","follow":"follow","max-snippet":"max-snippet:-1","max-image-preview":"max-image-preview:large","max-video-preview":"max-video-preview:-1"},"canonical":"https:\/\/startupvalley.news\/de\/kontakt\/","og_locale":"de_DE","og_type":"article","og_title":"Kontakt","og_description":"CONTACT US \u2013 Werde Teil von StartupValley \ud83d\ude80 Wir lieben Startups \u2013 und genau deshalb suchen wir dich und deine Geschichte. Egal, ob du gerade gr\u00fcndest, schon erfolgreich am Markt bist oder dein Startup sichtbar machen m\u00f6chtest: StartupValley ist deine B\u00fchne. \ud83d\ude80 Startup vorstellen Du hast ein spannendes Startup gegr\u00fcndet oder bist mitten in der [&hellip;]","og_url":"https:\/\/startupvalley.news\/de\/kontakt\/","og_site_name":"StartupValley - Erfolgreich Gr\u00fcnden und durchstarten!","article_publisher":"https:\/\/www.facebook.com\/startupvalleynews","article_modified_time":"2026-04-28T11:46:43+00:00","og_image":[{"width":1400,"height":880,"url":"https:\/\/startupvalley.news\/de\/wp-content\/uploads\/sites\/2\/2023\/02\/contact.jpeg","type":"image\/jpeg"}],"twitter_card":"summary_large_image","twitter_site":"@startup_valley","twitter_misc":{"Gesch\u00e4tzte Lesezeit":"2\u00a0Minuten"},"schema":{"@context":"https:\/\/schema.org","@graph":[{"@type":"WebPage","@id":"https:\/\/startupvalley.news\/de\/kontakt\/","url":"https:\/\/startupvalley.news\/de\/kontakt\/","name":"Kontakt - StartupValley - Erfolgreich Gr\u00fcnden und durchstarten!","isPartOf":{"@id":"https:\/\/startupvalley.news\/de\/#website"},"primaryImageOfPage":{"@id":"https:\/\/startupvalley.news\/de\/kontakt\/#primaryimage"},"image":{"@id":"https:\/\/startupvalley.news\/de\/kontakt\/#primaryimage"},"thumbnailUrl":"https:\/\/startupvalley.news\/de\/wp-content\/uploads\/sites\/2\/2023\/02\/contact-1024x644.jpeg","datePublished":"2015-12-06T11:41:06+00:00","dateModified":"2026-04-28T11:46:43+00:00","breadcrumb":{"@id":"https:\/\/startupvalley.news\/de\/kontakt\/#breadcrumb"},"inLanguage":"de","potentialAction":[{"@type":"ReadAction","target":["https:\/\/startupvalley.news\/de\/kontakt\/"]}]},{"@type":"ImageObject","inLanguage":"de","@id":"https:\/\/startupvalley.news\/de\/kontakt\/#primaryimage","url":"https:\/\/startupvalley.news\/de\/wp-content\/uploads\/sites\/2\/2023\/02\/contact.jpeg","contentUrl":"https:\/\/startupvalley.news\/de\/wp-content\/uploads\/sites\/2\/2023\/02\/contact.jpeg","width":1400,"height":880,"caption":"Group of young multiracial business people are working in modern office. Freelancers in coworking place. Creative and stylish youth."},{"@type":"BreadcrumbList","@id":"https:\/\/startupvalley.news\/de\/kontakt\/#breadcrumb","itemListElement":[{"@type":"ListItem","position":1,"name":"Home","item":"https:\/\/startupvalley.news\/de\/"},{"@type":"ListItem","position":2,"name":"Kontakt"}]},{"@type":"WebSite","@id":"https:\/\/startupvalley.news\/de\/#website","url":"https:\/\/startupvalley.news\/de\/","name":"StartupValley","description":"Die neuesten Trends der Startup-Szene: Finanzierung, Innovationen und Erfolgsgeschichten","publisher":{"@id":"https:\/\/startupvalley.news\/de\/#organization"},"alternateName":"StartupValley Magazin","potentialAction":[{"@type":"SearchAction","target":{"@type":"EntryPoint","urlTemplate":"https:\/\/startupvalley.news\/de\/?s={search_term_string}"},"query-input":{"@type":"PropertyValueSpecification","valueRequired":true,"valueName":"search_term_string"}}],"inLanguage":"de"},{"@type":"Organization","@id":"https:\/\/startupvalley.news\/de\/#organization","name":"StartupValley Media","url":"https:\/\/startupvalley.news\/de\/","logo":{"@type":"ImageObject","inLanguage":"de","@id":"https:\/\/startupvalley.news\/de\/#\/schema\/logo\/image\/","url":"https:\/\/startupvalley.news\/de\/wp-content\/uploads\/sites\/2\/2020\/12\/StartupValley-LOGO-neu-retina.png","contentUrl":"https:\/\/startupvalley.news\/de\/wp-content\/uploads\/sites\/2\/2020\/12\/StartupValley-LOGO-neu-retina.png","width":460,"height":180,"caption":"StartupValley Media"},"image":{"@id":"https:\/\/startupvalley.news\/de\/#\/schema\/logo\/image\/"},"sameAs":["https:\/\/www.facebook.com\/startupvalleynews","https:\/\/x.com\/startup_valley","https:\/\/www.twitch.tv\/startupvalley","https:\/\/www.linkedin.com\/company\/startupvalleymagazine","https:\/\/www.instagram.com\/startup_valley"]}]}},"_links":{"self":[{"href":"https:\/\/startupvalley.news\/de\/wp-json\/wp\/v2\/pages\/2458","targetHints":{"allow":["GET"]}}],"collection":[{"href":"https:\/\/startupvalley.news\/de\/wp-json\/wp\/v2\/pages"}],"about":[{"href":"https:\/\/startupvalley.news\/de\/wp-json\/wp\/v2\/types\/page"}],"author":[{"embeddable":true,"href":"https:\/\/startupvalley.news\/de\/wp-json\/wp\/v2\/users\/1"}],"replies":[{"embeddable":true,"href":"https:\/\/startupvalley.news\/de\/wp-json\/wp\/v2\/comments?post=2458"}],"version-history":[{"count":12,"href":"https:\/\/startupvalley.news\/de\/wp-json\/wp\/v2\/pages\/2458\/revisions"}],"predecessor-version":[{"id":122985,"href":"https:\/\/startupvalley.news\/de\/wp-json\/wp\/v2\/pages\/2458\/revisions\/122985"}],"wp:attachment":[{"href":"https:\/\/startupvalley.news\/de\/wp-json\/wp\/v2\/media?parent=2458"}],"curies":[{"name":"wp","href":"https:\/\/api.w.org\/{rel}","templated":true}]}}