{"id":3024,"date":"2016-01-02T13:47:55","date_gmt":"2016-01-02T12:47:55","guid":{"rendered":"https:\/\/www.startupvalley.news\/de\/?page_id=3024"},"modified":"2016-01-02T13:47:55","modified_gmt":"2016-01-02T12:47:55","slug":"teilnahmebedingungen","status":"publish","type":"page","link":"https:\/\/startupvalley.news\/de\/teilnahmebedingungen\/","title":{"rendered":"Teilnahmebedingungen"},"content":{"rendered":"<p>Mit dem Absenden akzeptiere ich die Teilnahmebedingungen und best\u00e4tige, dass ich mindestens 18 Jahre alt bin. Wenn ich die Teilnahmebedingungen nicht akzeptiere, kann ich nicht am Gewinnspiel teilnehmen bzw. nehme an der Verlosung nicht teil. Ich kann mein Einverst\u00e4ndnis jederzeit widerrufen. Wenn ich von meinem Recht mein Einverst\u00e4ndnis zu widerrufen Gebrauch mache, nehme ich an der Verlosung nicht mehr teil.<\/p>\n<p>Die Gewinner werden per E-mail Informiert!<\/p>\n<p><strong>\u00a7 1 Veranstalter<\/strong><br \/>\nVeranstalter des Gewinnspiels ist die Firma StartupValley Media &amp; Publishing UG (haftungsbeschr\u00e4nkt), Waldblickstr. 40, D-75245 Neulingen, vertreten durch die Gesch\u00e4ftsf\u00fchrerin Sabine Els\u00e4sser, nachfolgend Veranstalter genannt. Die Internetpr\u00e4senz des Veranstalters findet sich unter https:\/\/www.startupvalley.news.<\/p>\n<p><strong>\u00a7 2 Teilnahme<\/strong><br \/>\n2.1 Zur Teilnahme am Gewinnspiel m\u00fcssen sich die Teilnehmer auf der oben genannten Website f\u00fcr den Newsletter registrieren. F\u00fcr die Registrierung ist die vollst\u00e4ndige Angabe s\u00e4mtlicher abgefragten pers\u00f6nlichen Daten (Anrede, Vor- und Nachname, ggf. Firmenname, Adresse, E-Mail-Adresse, Telefonnummer) erforderlich. Unvollst\u00e4ndig oder fehlerhaft ausgef\u00fcllte Registrierungsformulare werden nicht ber\u00fccksichtigt.<br \/>\nDie Teilnehmer haben dar\u00fcber hinaus ihr Einverst\u00e4ndnis mit diesen Teilnahmebedingungen zu best\u00e4tigen.<\/p>\n<p>2.2 Die Teilnahme und die Gewinnchancen h\u00e4ngen in keiner Weise von dem Erwerb von Waren oder der Inanspruchnahme entgeltlicher oder unentgeltlicher Dienstleistungen des Veranstalters oder anderer, mit der Veranstaltung des Gewinnspiels befasster, Unternehmen ab.<\/p>\n<p>2.3 Eine Barauszahlung der verlosten Gewinne ist ausgeschlossen.<\/p>\n<p>2.4 Nicht teilnahmeberechtigt an dem Gewinnspiel sind Personen, die zum Zeitpunkt ihrer Teilnahme j\u00fcnger als 18 Jahre sind oder ihren st\u00e4ndigen Wohnsitz au\u00dferhalb Deutschlands, \u00d6sterreichs oder der Schweiz haben. Nicht teilnahmeberechtigt sind ferner gesetzliche Vertreter und Mitarbeiter des Veranstalters.<br \/>\n<strong><br \/>\n\u00a7 3 Ausschluss von der Teilnahme<\/strong><br \/>\nDer Veranstalter ist berechtigt, Teilnehmer ohne Ank\u00fcndigung von der Teilnahme an dem Gewinnspiel auszuschlie\u00dfen, wenn sie das Gewinnspiel, insbesondere dessen Teilnahmevorgang, manipulieren oder dies versuchen und\/oder schuldhaft gegen die Teilnahmeregeln versto\u00dfen. Insbesondere rechtfertigen die mehrfache Anmeldung unter verschiedenen E-Mail-Adressen sowie die Anmeldung \u00fcber einen Anbieter, dessen Gesch\u00e4ftszweck unter anderem in der Manipulation von Gewinnspielen liegt, den Ausschluss von der Teilnahme am Gewinnspiel.<\/p>\n<p><strong>\u00a7 4 Abbruch des Gewinnspiels<\/strong><br \/>\nDer Veranstalter beh\u00e4lt sich das Recht vor, die Verlosung ganz oder in Teilen (etwa f\u00fcr bestimmte Gewinne oder Sonderauslosungen) abzubrechen. Dies gilt insbesondere, wenn die Verlosung nicht planm\u00e4\u00dfig ablaufen kann, so etwa beim Auftreten von Computerviren, bei Fehlern der Soft- und\/oder Hardware und\/oder aus anderen technischen und\/oder aus rechtlichen Gr\u00fcnden. Dies gilt auch bei Manipulationen oder Manipulationsversuchen, welche die Verwaltung, die Sicherheit, die Integrit\u00e4t und\/oder regul\u00e4re und ordnungsgem\u00e4\u00dfe Durchf\u00fchrung der Verlosung beeinflussen.<\/p>\n<p><strong>\u00a7 5 Datenverarbeitung<\/strong><br \/>\nDer Veranstalter sammelt die Daten und speichert sie auf einem Server. Vorgenannte Daten werden ausschlie\u00dflich dazu benutzt, um mit Ihnen im Falle eines Gewinns der verlosten Preise in Kontakt treten zu k\u00f6nnen sowie Ihnen den jederzeit abbestellbaren Newsletter zukommen zu lassen. Dar\u00fcber hinaus anonymisiert der Veranstalter die Daten und nutzt sie in ihrer anonymisierten Form zu Marktforschungszwecken.<\/p>\n<p><strong>\u00a7 6 Datenl\u00f6schung<\/strong><br \/>\nDer Veranstalter l\u00f6scht die Daten, soweit nicht komplett anonymisiert, sobald<br \/>\n&#8211; das Gewinnspiel durchgef\u00fchrt und durch Verlosung und Versendung der Gewinne beendet oder nach \u00a75 abgebrochen wurde.<\/p>\n<p>&#8211; Sie den Newsletter abbestellt haben. Ihre Rechte nach \u00a79 bleiben hiervon unber\u00fchrt.<\/p>\n<p><strong>\u00a7 7 Schutz der Privatsph\u00e4re<\/strong><br \/>\nDer Veranstalter verpflichtet sich, die Privatsph\u00e4re der Teilnehmer zu sch\u00fctzen und versichert, die Daten im Einklang mit dem Bundesdatenschutzgesetz, dem Telemediengesetz sowie der Europ\u00e4ischen Datenschutzrichtlinie (95\/46\/EG) zu verarbeiten.<\/p>\n<p><strong>\u00a7 8 Abonnement des Newsletters<\/strong><br \/>\nNach Beendigung des Gewinnspiels erhalten die Teilnehmer die elektronische Version des Newsletters in regelm\u00e4\u00dfigen Abst\u00e4nden an die beim Gewinnspiel angegebene E-Mail-Adresse gesandt. Der Newsletter kann jederzeit abbestellt werden. Die Teilnehmer werden einmalig per Mail\/ per Brief dar\u00fcber informiert, ob sie einen der Preise gewonnen haben.<\/p>\n<p><strong>\u00a7 9 Datenschutz<\/strong><br \/>\nDie Teilnehmer k\u00f6nnen die zu der Verarbeitung der Daten gegebene Einwilligung jederzeit widerrufen. Ferner haben sie bez\u00fcglich der erhobenen Daten die durch das Bundesdatenschutzgesetz gew\u00e4hrleisteten Rechte auf Auskunft und Berichtigung.<\/p>\n<p>Die genannten Rechte sind auszu\u00fcben durch eine Nachricht auf dem Postweg und durch elektronische Post an:<\/p>\n<p>StartupValley Media &amp; Publishing UG (haftungsbeschr\u00e4nkt), Waldblickstr.40, D-75245 Neulingen\/G\u00f6brichen<br \/>\nE-Mail: redaktion@startupvalley.news<br \/>\n<strong><br \/>\n\u00a7 10 Zeitliche Beschr\u00e4nkung<\/strong><br \/>\nVorliegendes Gewinnspiel ist zeitlich beschr\u00e4nkt und endet demzufolge mit Ablauf des jeweilig ver\u00f6ffentlichtem Datums. Registrierungen bzw. Anmeldungen, welche nach Ablauf des vorgenannten Datums erfolgen, werden nicht ber\u00fccksichtigt und sind von der Teilnahme ausgeschlossen.<\/p>\n<p><strong>\u00a7 11 Anwendbares Recht<\/strong><br \/>\nAuf s\u00e4mtliche Rechtsbeziehungen aus oder im Zusammenhang mit diesen Teilnahmebedingungen und Datenschutzbestimmungen kommt ausschlie\u00dflich das Recht der Bundesrepublik Deutschland zur Anwendung.<\/p>\n","protected":false},"excerpt":{"rendered":"<p>Mit dem Absenden akzeptiere ich die Teilnahmebedingungen und best\u00e4tige, dass ich mindestens 18 Jahre alt bin. Wenn ich die Teilnahmebedingungen nicht akzeptiere, kann ich nicht am Gewinnspiel teilnehmen bzw. nehme an der Verlosung nicht teil. Ich kann mein Einverst\u00e4ndnis jederzeit widerrufen. Wenn ich von meinem Recht mein Einverst\u00e4ndnis zu widerrufen Gebrauch mache, nehme ich an [&hellip;]<\/p>\n","protected":false},"author":1,"featured_media":0,"parent":0,"menu_order":0,"comment_status":"closed","ping_status":"closed","template":"","meta":{"_acf_changed":false,"footnotes":""},"class_list":["post-3024","page","type-page","status-publish"],"acf":[],"yoast_head":"<!-- This site is optimized with the Yoast SEO Premium plugin v26.7 (Yoast SEO v26.7) - https:\/\/yoast.com\/wordpress\/plugins\/seo\/ -->\n<title>Teilnahmebedingungen - StartupValley - Erfolgreich Gr\u00fcnden und durchstarten!<\/title>\n<meta name=\"robots\" content=\"index, follow, max-snippet:-1, max-image-preview:large, max-video-preview:-1\" \/>\n<link rel=\"canonical\" href=\"https:\/\/startupvalley.news\/de\/teilnahmebedingungen\/\" \/>\n<meta property=\"og:locale\" content=\"de_DE\" \/>\n<meta property=\"og:type\" content=\"article\" \/>\n<meta property=\"og:title\" content=\"Teilnahmebedingungen\" \/>\n<meta property=\"og:description\" content=\"Mit dem Absenden akzeptiere ich die Teilnahmebedingungen und best\u00e4tige, dass ich mindestens 18 Jahre alt bin. Wenn ich die Teilnahmebedingungen nicht akzeptiere, kann ich nicht am Gewinnspiel teilnehmen bzw. nehme an der Verlosung nicht teil. Ich kann mein Einverst\u00e4ndnis jederzeit widerrufen. Wenn ich von meinem Recht mein Einverst\u00e4ndnis zu widerrufen Gebrauch mache, nehme ich an [&hellip;]\" \/>\n<meta property=\"og:url\" content=\"https:\/\/startupvalley.news\/de\/teilnahmebedingungen\/\" \/>\n<meta property=\"og:site_name\" content=\"StartupValley - Erfolgreich Gr\u00fcnden und durchstarten!\" \/>\n<meta property=\"article:publisher\" content=\"https:\/\/www.facebook.com\/startupvalleynews\" \/>\n<meta name=\"twitter:card\" content=\"summary_large_image\" \/>\n<meta name=\"twitter:site\" content=\"@startup_valley\" \/>\n<meta name=\"twitter:label1\" content=\"Gesch\u00e4tzte Lesezeit\" \/>\n\t<meta name=\"twitter:data1\" content=\"4\u00a0Minuten\" \/>\n<script type=\"application\/ld+json\" class=\"yoast-schema-graph\">{\"@context\":\"https:\/\/schema.org\",\"@graph\":[{\"@type\":\"WebPage\",\"@id\":\"https:\/\/startupvalley.news\/de\/teilnahmebedingungen\/\",\"url\":\"https:\/\/startupvalley.news\/de\/teilnahmebedingungen\/\",\"name\":\"Teilnahmebedingungen - StartupValley - Erfolgreich Gr\u00fcnden und durchstarten!\",\"isPartOf\":{\"@id\":\"https:\/\/startupvalley.news\/de\/#website\"},\"datePublished\":\"2016-01-02T12:47:55+00:00\",\"breadcrumb\":{\"@id\":\"https:\/\/startupvalley.news\/de\/teilnahmebedingungen\/#breadcrumb\"},\"inLanguage\":\"de\",\"potentialAction\":[{\"@type\":\"ReadAction\",\"target\":[\"https:\/\/startupvalley.news\/de\/teilnahmebedingungen\/\"]}]},{\"@type\":\"BreadcrumbList\",\"@id\":\"https:\/\/startupvalley.news\/de\/teilnahmebedingungen\/#breadcrumb\",\"itemListElement\":[{\"@type\":\"ListItem\",\"position\":1,\"name\":\"Home\",\"item\":\"https:\/\/startupvalley.news\/de\/\"},{\"@type\":\"ListItem\",\"position\":2,\"name\":\"Teilnahmebedingungen\"}]},{\"@type\":\"WebSite\",\"@id\":\"https:\/\/startupvalley.news\/de\/#website\",\"url\":\"https:\/\/startupvalley.news\/de\/\",\"name\":\"StartupValley\",\"description\":\"Die neuesten Trends der Startup-Szene: Finanzierung, Innovationen und Erfolgsgeschichten\",\"publisher\":{\"@id\":\"https:\/\/startupvalley.news\/de\/#organization\"},\"alternateName\":\"StartupValley Magazin\",\"potentialAction\":[{\"@type\":\"SearchAction\",\"target\":{\"@type\":\"EntryPoint\",\"urlTemplate\":\"https:\/\/startupvalley.news\/de\/?s={search_term_string}\"},\"query-input\":{\"@type\":\"PropertyValueSpecification\",\"valueRequired\":true,\"valueName\":\"search_term_string\"}}],\"inLanguage\":\"de\"},{\"@type\":\"Organization\",\"@id\":\"https:\/\/startupvalley.news\/de\/#organization\",\"name\":\"StartupValley Media\",\"url\":\"https:\/\/startupvalley.news\/de\/\",\"logo\":{\"@type\":\"ImageObject\",\"inLanguage\":\"de\",\"@id\":\"https:\/\/startupvalley.news\/de\/#\/schema\/logo\/image\/\",\"url\":\"https:\/\/startupvalley.news\/de\/wp-content\/uploads\/sites\/2\/2020\/12\/StartupValley-LOGO-neu-retina.png\",\"contentUrl\":\"https:\/\/startupvalley.news\/de\/wp-content\/uploads\/sites\/2\/2020\/12\/StartupValley-LOGO-neu-retina.png\",\"width\":460,\"height\":180,\"caption\":\"StartupValley Media\"},\"image\":{\"@id\":\"https:\/\/startupvalley.news\/de\/#\/schema\/logo\/image\/\"},\"sameAs\":[\"https:\/\/www.facebook.com\/startupvalleynews\",\"https:\/\/x.com\/startup_valley\",\"https:\/\/www.twitch.tv\/startupvalley\",\"https:\/\/www.linkedin.com\/company\/startupvalleymagazine\",\"https:\/\/www.instagram.com\/startup_valley\"]}]}<\/script>\n<!-- \/ Yoast SEO Premium plugin. -->","yoast_head_json":{"title":"Teilnahmebedingungen - StartupValley - Erfolgreich Gr\u00fcnden und durchstarten!","robots":{"index":"index","follow":"follow","max-snippet":"max-snippet:-1","max-image-preview":"max-image-preview:large","max-video-preview":"max-video-preview:-1"},"canonical":"https:\/\/startupvalley.news\/de\/teilnahmebedingungen\/","og_locale":"de_DE","og_type":"article","og_title":"Teilnahmebedingungen","og_description":"Mit dem Absenden akzeptiere ich die Teilnahmebedingungen und best\u00e4tige, dass ich mindestens 18 Jahre alt bin. Wenn ich die Teilnahmebedingungen nicht akzeptiere, kann ich nicht am Gewinnspiel teilnehmen bzw. nehme an der Verlosung nicht teil. Ich kann mein Einverst\u00e4ndnis jederzeit widerrufen. Wenn ich von meinem Recht mein Einverst\u00e4ndnis zu widerrufen Gebrauch mache, nehme ich an [&hellip;]","og_url":"https:\/\/startupvalley.news\/de\/teilnahmebedingungen\/","og_site_name":"StartupValley - Erfolgreich Gr\u00fcnden und durchstarten!","article_publisher":"https:\/\/www.facebook.com\/startupvalleynews","twitter_card":"summary_large_image","twitter_site":"@startup_valley","twitter_misc":{"Gesch\u00e4tzte Lesezeit":"4\u00a0Minuten"},"schema":{"@context":"https:\/\/schema.org","@graph":[{"@type":"WebPage","@id":"https:\/\/startupvalley.news\/de\/teilnahmebedingungen\/","url":"https:\/\/startupvalley.news\/de\/teilnahmebedingungen\/","name":"Teilnahmebedingungen - StartupValley - Erfolgreich Gr\u00fcnden und durchstarten!","isPartOf":{"@id":"https:\/\/startupvalley.news\/de\/#website"},"datePublished":"2016-01-02T12:47:55+00:00","breadcrumb":{"@id":"https:\/\/startupvalley.news\/de\/teilnahmebedingungen\/#breadcrumb"},"inLanguage":"de","potentialAction":[{"@type":"ReadAction","target":["https:\/\/startupvalley.news\/de\/teilnahmebedingungen\/"]}]},{"@type":"BreadcrumbList","@id":"https:\/\/startupvalley.news\/de\/teilnahmebedingungen\/#breadcrumb","itemListElement":[{"@type":"ListItem","position":1,"name":"Home","item":"https:\/\/startupvalley.news\/de\/"},{"@type":"ListItem","position":2,"name":"Teilnahmebedingungen"}]},{"@type":"WebSite","@id":"https:\/\/startupvalley.news\/de\/#website","url":"https:\/\/startupvalley.news\/de\/","name":"StartupValley","description":"Die neuesten Trends der Startup-Szene: Finanzierung, Innovationen und Erfolgsgeschichten","publisher":{"@id":"https:\/\/startupvalley.news\/de\/#organization"},"alternateName":"StartupValley Magazin","potentialAction":[{"@type":"SearchAction","target":{"@type":"EntryPoint","urlTemplate":"https:\/\/startupvalley.news\/de\/?s={search_term_string}"},"query-input":{"@type":"PropertyValueSpecification","valueRequired":true,"valueName":"search_term_string"}}],"inLanguage":"de"},{"@type":"Organization","@id":"https:\/\/startupvalley.news\/de\/#organization","name":"StartupValley Media","url":"https:\/\/startupvalley.news\/de\/","logo":{"@type":"ImageObject","inLanguage":"de","@id":"https:\/\/startupvalley.news\/de\/#\/schema\/logo\/image\/","url":"https:\/\/startupvalley.news\/de\/wp-content\/uploads\/sites\/2\/2020\/12\/StartupValley-LOGO-neu-retina.png","contentUrl":"https:\/\/startupvalley.news\/de\/wp-content\/uploads\/sites\/2\/2020\/12\/StartupValley-LOGO-neu-retina.png","width":460,"height":180,"caption":"StartupValley Media"},"image":{"@id":"https:\/\/startupvalley.news\/de\/#\/schema\/logo\/image\/"},"sameAs":["https:\/\/www.facebook.com\/startupvalleynews","https:\/\/x.com\/startup_valley","https:\/\/www.twitch.tv\/startupvalley","https:\/\/www.linkedin.com\/company\/startupvalleymagazine","https:\/\/www.instagram.com\/startup_valley"]}]}},"_links":{"self":[{"href":"https:\/\/startupvalley.news\/de\/wp-json\/wp\/v2\/pages\/3024","targetHints":{"allow":["GET"]}}],"collection":[{"href":"https:\/\/startupvalley.news\/de\/wp-json\/wp\/v2\/pages"}],"about":[{"href":"https:\/\/startupvalley.news\/de\/wp-json\/wp\/v2\/types\/page"}],"author":[{"embeddable":true,"href":"https:\/\/startupvalley.news\/de\/wp-json\/wp\/v2\/users\/1"}],"replies":[{"embeddable":true,"href":"https:\/\/startupvalley.news\/de\/wp-json\/wp\/v2\/comments?post=3024"}],"version-history":[{"count":0,"href":"https:\/\/startupvalley.news\/de\/wp-json\/wp\/v2\/pages\/3024\/revisions"}],"wp:attachment":[{"href":"https:\/\/startupvalley.news\/de\/wp-json\/wp\/v2\/media?parent=3024"}],"curies":[{"name":"wp","href":"https:\/\/api.w.org\/{rel}","templated":true}]}}