{"id":99069,"date":"2023-08-07T14:15:35","date_gmt":"2023-08-07T12:15:35","guid":{"rendered":"https:\/\/startupvalley.news\/de\/?page_id=99069"},"modified":"2026-03-18T11:16:39","modified_gmt":"2026-03-18T10:16:39","slug":"bedingungen-und-konditionen","status":"publish","type":"page","link":"https:\/\/startupvalley.news\/de\/bedingungen-und-konditionen\/","title":{"rendered":"Bedingungen und Konditionen"},"content":{"rendered":"<div id=\"tdi_1\" class=\"tdc-zone\"><div class=\"tdc_zone tdi_2  wpb_row td-pb-row\"  >\n<style scoped>\n\/* custom css - generated by TagDiv Composer *\/\n\n\/* custom css - generated by TagDiv Composer *\/\n.tdi_2{\r\n                    min-height: 0;\r\n                }\n<\/style><div id=\"tdi_3\" class=\"tdc-row\"><div class=\"vc_row tdi_4  wpb_row td-pb-row\" >\n<style scoped>\n\/* custom css - generated by TagDiv Composer *\/\n\n\/* custom css - generated by TagDiv Composer *\/\n.tdi_4,\r\n                .tdi_4 .tdc-columns{\r\n                    min-height: 0;\r\n                }.tdi_4,\r\n\t\t\t\t.tdi_4 .tdc-columns{\r\n\t\t\t\t    display: block;\r\n\t\t\t\t}.tdi_4 .tdc-columns{\r\n\t\t\t\t    width: 100%;\r\n\t\t\t\t}.tdi_4:before,\r\n\t\t\t\t.tdi_4:after{\r\n\t\t\t\t    display: table;\r\n\t\t\t\t}\n<\/style><div class=\"vc_column tdi_6  wpb_column vc_column_container tdc-column td-pb-span12\">\n<style scoped>\n\/* custom css - generated by TagDiv Composer *\/\n\n\/* custom css - generated by TagDiv Composer *\/\n.tdi_6{\r\n                    vertical-align: baseline;\r\n                }.tdi_6 > .wpb_wrapper,\r\n\t\t\t\t.tdi_6 > .wpb_wrapper > .tdc-elements{\r\n\t\t\t\t    display: block;\r\n\t\t\t\t}.tdi_6 > .wpb_wrapper > .tdc-elements{\r\n\t\t\t\t    width: 100%;\r\n\t\t\t\t}.tdi_6 > .wpb_wrapper > .vc_row_inner{\r\n\t\t\t\t    width: auto;\r\n\t\t\t\t}.tdi_6 > .wpb_wrapper{\r\n\t\t\t\t    width: auto;\r\n\t\t\t\t    height: auto;\r\n\t\t\t\t}\n<\/style><div class=\"wpb_wrapper\" ><div class=\"wpb_wrapper td_block_empty_space td_block_wrap vc_empty_space tdi_8 \"  style=\"height: 32px\"><\/div><div class=\"td-a-rec td-a-rec-id-custom_ad_2  tdi_9 td_block_template_1\">\n<style>\n\/* custom css - generated by TagDiv Composer *\/\n.tdi_9.td-a-rec{\r\n\t\t\t\t\ttext-align: center;\r\n\t\t\t\t}.tdi_9.td-a-rec:not(.td-a-rec-no-translate){\r\n\t\t\t\t    transform: translateZ(0);\r\n\t\t\t\t}.tdi_9 .td-element-style{\r\n\t\t\t\t\tz-index: -1;\r\n\t\t\t\t}.tdi_9 .td_spot_img_all img,\r\n\t\t\t\t.tdi_9 .td_spot_img_tl img,\r\n\t\t\t\t.tdi_9 .td_spot_img_tp img,\r\n\t\t\t\t.tdi_9 .td_spot_img_mob img{\r\n\t\t\t\t    border-style: none;\r\n\t\t\t\t}\n<\/style><div id='Ads_BA_FLB' style='text-align:center;'>\r\n<\/div><\/div><\/div><\/div><\/div><\/div><div id=\"tdi_10\" class=\"tdc-row\"><div class=\"vc_row tdi_11  wpb_row td-pb-row\" >\n<style scoped>\n\/* custom css - generated by TagDiv Composer *\/\n\n\/* custom css - generated by TagDiv Composer *\/\n.tdi_11,\r\n                .tdi_11 .tdc-columns{\r\n                    min-height: 0;\r\n                }.tdi_11,\r\n\t\t\t\t.tdi_11 .tdc-columns{\r\n\t\t\t\t    display: block;\r\n\t\t\t\t}.tdi_11 .tdc-columns{\r\n\t\t\t\t    width: 100%;\r\n\t\t\t\t}.tdi_11:before,\r\n\t\t\t\t.tdi_11:after{\r\n\t\t\t\t    display: table;\r\n\t\t\t\t}\n<\/style><div class=\"vc_column tdi_13  wpb_column vc_column_container tdc-column td-pb-span12\">\n<style scoped>\n\/* custom css - generated by TagDiv Composer *\/\n\n\/* custom css - generated by TagDiv Composer *\/\n.tdi_13{\r\n                    vertical-align: baseline;\r\n                }.tdi_13 > .wpb_wrapper,\r\n\t\t\t\t.tdi_13 > .wpb_wrapper > .tdc-elements{\r\n\t\t\t\t    display: block;\r\n\t\t\t\t}.tdi_13 > .wpb_wrapper > .tdc-elements{\r\n\t\t\t\t    width: 100%;\r\n\t\t\t\t}.tdi_13 > .wpb_wrapper > .vc_row_inner{\r\n\t\t\t\t    width: auto;\r\n\t\t\t\t}.tdi_13 > .wpb_wrapper{\r\n\t\t\t\t    width: auto;\r\n\t\t\t\t    height: auto;\r\n\t\t\t\t}\n<\/style><div class=\"wpb_wrapper\" ><div class=\"td_block_wrap td_block_text_with_title tdi_14 tagdiv-type td-pb-border-top td_block_template_1\"  data-td-block-uid=\"tdi_14\" >\n<style>\n\/* custom css - generated by TagDiv Composer *\/\n.td_block_text_with_title{\r\n                  margin-bottom: 44px;\r\n                  -webkit-transform: translateZ(0);\r\n                  transform: translateZ(0);\r\n                }.td_block_text_with_title p:last-child{\r\n                  margin-bottom: 0;\r\n                }\n<\/style><div class=\"td-block-title-wrap\"><\/div><div class=\"td_mod_wrap td-fix-index\"><p><strong>1. Teilnahme:<\/strong><\/p>\n<p>1.1 Der Organisator des Wettbewerbs ist StartupValley Media &#038; Publishing UG (haftungsbeschr\u00e4nkt), Bl\u00fccherstr. 32, 75177 Pforzheim.<\/p>\n<p>1.2 Als Teilnehmer werden nur Start-ups zugelassen, die zur DMEXCO 2025 als Aussteller angemeldet sind. Die Start-ups d\u00fcrfen nicht \u00e4lter als 5 Jahre sein, um teilnehmen zu k\u00f6nnen. Sofern eine nat\u00fcrliche Person an dem Wettbewerb teilnimmt, betr\u00e4gt das Mindestalter 18 Jahre.<\/p>\n<p>1.3 Die Teilnahme pro Person bzw. Startup ist auf eine Teilnahme beschr\u00e4nkt.<\/p>\n<p>1.4 Die Teilnahme an diesem Wettbewerb ist nur unter <a href=\"http:\/\/www.startupvalley.news\/de\/dmexco\">www.startupvalley.news\/de\/dmexco<\/a> m\u00f6glich.<\/p>\n<p>1.5 Der Einsendeschluss ist der 31. August 2025 um 23:59 Uhr. Alle Beitr\u00e4ge, die nach diesem Datum eingehenden, sind ung\u00fcltig und werden nicht in den Wettbewerb aufgenommen.<\/p>\n<p>1.6 Mit der Teilnahme am Wettbewerb versichern die Teilnehmer, dass alle von ihnen gemachten Angaben wahr, aktuell und vollst\u00e4ndig sind. Die Teilnehmer versichern ferner, dass sie Inhaber der Urheberrechte an den eingereichten Pitch Decks, wie z.B. Bild- und Videomaterial, sind und dass die Nutzung dieser Werke durch StartupValley Media &#038; Publishing UG (unter Anerkennung der Teilnahmebedingungen) nicht die Rechte Dritter verletzt.<\/p>\n<p>1.7 Unvollst\u00e4ndige, fehlerhafte, unverst\u00e4ndliche oder nicht ordnungsgem\u00e4\u00df bei StartupValley Media &#038; Publishing UG eingegangene Einsendungen sind ung\u00fcltig.<\/p>\n<p><strong>2. Gewinnermittlung:\u00a0<\/strong><\/p>\n<p>2.1 Die 15 Startups, die am 17. September 2025 beim Vorentscheid des DMEXCO Pitch-Events auf der B\u00fchne stehen, werden durch ein Community-Voting auf LinkedIn ermittelt. Vom 02. September bis 07. September 2025 k\u00f6nnen Fans, Leser und Unterst\u00fctzer der Startups im Rahmen eines Online-Votings ihre Stimme abgeben. Die 15 Start-ups mit den meisten Stimmen erhalten einen Platz auf der B\u00fchne und werden bis sp\u00e4testens 08. September 2025 per E-Mail offiziell benachrichtigt. Die Teilnahme muss anschlie\u00dfend nochmals von den Start-ups per E-Mail best\u00e4tigt werden. Sollten sich exakt 15 oder weniger Start-ups bewerben, entf\u00e4llt das Voting \u2013 in diesem Fall werden die Teilnehmer direkt von der Redaktion ausgew\u00e4hlt und bis sp\u00e4testens 08. September informiert. Die finale Teilnehmerliste wird kurz darauf auf der Website ver\u00f6ffentlicht. Einsendeschluss f\u00fcr die Bewerbung ist der 31. August 2025 um 23:59 Uhr.<\/p>\n<p>2.2 Die 15 Start-ups, die den Vorentscheid gewonnen haben, pr\u00e4sentieren ihren Pitch am 17. September 2025 auf der Innovation Stage auf der DMEXCO 2025 im Rahmen eines ca. 5- min\u00fctigen Pitches. Die Pitch-Zeit wird aufgeteilt in 3 Minuten Pr\u00e4sentation und 2 Minuten Frage- und Antwortsession (Q&#038;A). Hier k\u00f6nnen sie Stimmen von einem externen Publikum sammeln. Diese Publikumsstimmen bilden die Grundlage f\u00fcr die Entscheidung \u00fcber die Teilnahme an der Endrunde am 18. September 2025 auf der DMEXCO 2025, d.h. die 5 Startups mit den meisten externen Stimmen erhalten einen Pitch Slot am 18. September 2025 in der Endrunde. Die Top 5 werden vor Ort nach der Auswertung der Publikumsstimmen von StartupValley Media &#038; Publishing UG \u00fcber die weitere Teilnahme informiert.<\/p>\n<p>2.3 Die Top 5 pr\u00e4sentieren sich am 18.09.2025 auf der Innovation Stage auf der DMEXCO 2025 im Rahmen eines 3-min\u00fctigen Pitches einer Jury. Nach der Pr\u00e4sentation m\u00fcssen sich die Start-ups beim Q&#038;A den Fragen der Jury stellen. Die Jury, bestehend aus 5\/6 Mitgliedern, entscheidet dar\u00fcber, welches Start-up gewinnt.<\/p>\n<p><strong>3.<\/strong> <strong>Preise:<\/strong><\/p>\n<p>3.1 Es werden folgende Preise vergeben:<\/p>\n<ul>\n<li><strong>1. Platz:<\/strong><\/li>\n<li><strong>2. Platz:<\/strong><\/li>\n<li><strong>3. Platz:<\/strong><\/li>\n<\/ul>\n<p>3.2 Ausgeschlossen von den Preisen sind zus\u00e4tzliche Kosten wie Reisekosten, Versicherungen oder \u00e4hnliche Folgekosten.<\/p>\n<p>3.3 Wenn die vorausgew\u00e4hlten Teilnehmer des Wettbewerbs im Rahmen eines Live-Vortrags &#8222;Start-up Pitch&#8220; sprechen m\u00fcssen, m\u00fcssen diese in der Lage sein, physisch auf der DMEXCO am 17. und 18. September 2025 anwesend zu sein. StartupValley Media &#038; Publishing UG beh\u00e4lt sich das Recht vor, einen anderen Teilnehmer\/ Gewinner auszuw\u00e4hlen, falls diese Anforderungen nicht erf\u00fcllt werden.<\/p>\n<p>3.4 In F\u00e4llen, in denen der Gewinner nicht garantieren kann, physisch anwesend zu sein, akzeptiert er, vom Preis zur\u00fcckzutreten.<\/p>\n<p>3.5 StartupValley Media &#038; Publishing UG kann nach eigenem Ermessen die Bereitstellung eines Preises verweigern, wenn ein Teilnehmer gegen diese Bedingungen, oder ein Fall von Betrug, Unehrlichkeit oder ein anderes unangemessenes oder unzul\u00e4ssiges Verhalten vorliegt.<\/p>\n<p>3.6 StartupValley Media &#038; Publishing UG wird sich bem\u00fchen, dem Gewinner den Preis am 18. September 2025 zu \u00fcbergeben, es sei denn, dem Gewinner wird individuell etwas anderes mitgeteilt. Der Preis ist nicht \u00fcbertragbar und nicht umtauschbar, und es wird kein Gegenwert in bar oder ein anderer Preis vergeben. StartupValley Media &#038; Publishing UG beh\u00e4lt sich jedoch das Recht vor, den Preis aufgrund von Umst\u00e4nden, die au\u00dferhalb ihrer Kontrolle liegen, zu \u00e4ndern oder einen gleichwertigen Ersatz anzubieten.<\/p>\n<p><strong>4. Haftung:<\/strong><\/p>\n<p>4.1 Die Teilnehmer versichern, dass ihr Beitrag keine Rechte Dritter verletzt. Der Teilnehmer stellt StartupValley Media &#038; Publishing UG von Anspr\u00fcchen Dritter aus der Verletzung solcher Rechte sowie von den Kosten der Rechtsverfolgung einschlie\u00dflich angemessener Anwaltskosten frei.<\/p>\n<p>4.2 Nach Ma\u00dfgabe dieser Ziffer 4 gelten f\u00fcr die Haftung des Veranstalters auf Schadensersatz, unbeschadet der sonstigen gesetzlichen Anspruchsvoraussetzungen, die folgenden Haftungsausschl\u00fcsse und -beschr\u00e4nkungen.<\/p>\n<p>4.3 Der Veranstalter haftet unbeschr\u00e4nkt, soweit die Schadensursache auf einem nicht zuf\u00e4lligen Verhalten oder grober Fahrl\u00e4ssigkeit beruht.<\/p>\n<p>4.4 Dar\u00fcber hinaus haftet der Veranstalter f\u00fcr die leicht fahrl\u00e4ssige Verletzung von wesentlichen Pflichten, die die Erreichung des Vertragszwecks gef\u00e4hrden, oder f\u00fcr die Verletzung von Pflichten, deren Erf\u00fcllung die ordnungsgem\u00e4\u00dfe Durchf\u00fchrung des Wettbewerbs \u00fcberhaupt erst erm\u00f6glicht und auf deren Einhaltung die Vertragspartner regelm\u00e4\u00dfig vertrauen. In diesem Fall haftet der Veranstalter nur f\u00fcr den vertragstypischen, vorhersehbaren Schaden. F\u00fcr die leicht fahrl\u00e4ssige Verletzung anderer als der vorgenannten Pflichten haftet der Veranstalter nicht.<\/p>\n<p>4.5 Die vorstehenden Haftungsbeschr\u00e4nkungen gelten nicht f\u00fcr Sch\u00e4den aus der Verletzung des Lebens, des K\u00f6rpers oder der Gesundheit, f\u00fcr einen Mangel nach \u00dcbernahme einer Beschaffenheitsgarantie f\u00fcr ein Produkt oder f\u00fcr arglistig verschwiegene M\u00e4ngel. Die Haftung nach dem Produkthaftungsgesetz bleibt hiervon unber\u00fchrt.<\/p>\n<p>4.6 Soweit die Haftung des Veranstalters ausgeschlossen oder beschr\u00e4nkt ist, gilt dies auch f\u00fcr die pers\u00f6nliche Haftung der Mitarbeiter, Vertreter und Erf\u00fcllungsgehilfen des Veranstalters.<\/p>\n<p>4.7 StartupValley Media &#038; Publishing UG \u00fcbernimmt keine Verantwortung f\u00fcr Sch\u00e4den, Verluste oder Entt\u00e4uschungen, die einem Teilnehmer durch die Teilnahme an dem Wettbewerb oder durch die Annahme eines Preises entstehen. StartupValley Media &#038; Publishing UG ist nicht verantwortlich f\u00fcr Probleme oder technische Komplikationen von Computer-Online-Systemen, Servern oder Providern, Computerausr\u00fcstungen, Software, die aufgrund von technischen Problemen oder Verkehrsstaus im Internet oder auf einer Website nicht empfangen werden k\u00f6nnen, oder eine Kombination davon, einschlie\u00dflich Verletzungen oder Sch\u00e4den am Computer oder Mobiltelefon des Teilnehmers oder einer anderen Person, die mit der Teilnahme am Wettbewerb oder dem Hochladen von Materialien verbunden sind oder daraus resultieren.<\/p>\n<p>4.8 StartupValley Media &#038; Publishing UG kann nicht garantieren, dass sie jederzeit und in einem voll funktionsf\u00e4higen Zustand zur Verf\u00fcgung stehen oder dass die Dienstleistungen im Zusammenhang mit dem Wettbewerb frei von Fehlern oder Auslassungen sind. Diese Dienstleistungen k\u00f6nnen vor\u00fcbergehend und ohne Vorank\u00fcndigung im Falle von Systemausf\u00e4llen, Wartungs- oder Reparaturarbeiten oder aus Gr\u00fcnden, die vern\u00fcnftigerweise au\u00dferhalb der Kontrolle von StartupValley Media &#038; Publishing UG liegen, ausgesetzt werden. StartupValley Media &#038; Publishing UG haftet nicht, wenn der Service im Zusammenhang mit dem Wettbewerb ganz oder teilweise eingestellt, modifiziert oder in irgendeiner Weise ver\u00e4ndert wird.<\/p>\n<p><strong>5.<\/strong> <strong>Allgemeine Bedingungen:<\/strong><\/p>\n<p>5.1 StartupValley Media &#038; Publishing UG beh\u00e4lt sich das Recht vor, den Wettbewerb nach eigenem Ermessen ganz oder teilweise zu \u00e4ndern, abzubrechen oder zu beenden, wenn sie der Meinung sind, dass der Wettbewerb nicht\u00a0 wie in diesen Bedingungen beschrieben durchgef\u00fchrt\u00a0 werden kann, oder im Falle von anderen Gr\u00fcnden, die au\u00dferhalb der Kontrolle von StartupValley Media &#038; Publishing UG liegt und die die Verwaltung, Sicherheit, Unparteilichkeit oder den normalen Ablauf des Wettbewerbs beeintr\u00e4chtigen k\u00f6nnten.<\/p>\n<p>5.2 F\u00fcr den Fall, dass ein Teilnehmer die vorliegenden Teilnahmebedingungen und die Informationen zum Wettbewerb nicht einh\u00e4lt oder nicht einhalten kann, ist StartupValley Media &#038; Publishing UG berechtigt, den Teilnehmer nach eigenem Ermessen zu disqualifizieren, ohne dass dem Teilnehmer gegen\u00fcber eine weitere Haftung entsteht. Unter diesen Umst\u00e4nden kann jeder Preis, den der Teilnehmer gewonnen hat, verfallen. Jeder Teilnehmer muss sich an alle Anweisungen halten, die ihm von StartupValley Media &#038; Publishing UG gegeben werden, einschlie\u00dflich, aber nicht beschr\u00e4nkt auf alle relevanten Gesetze, Regeln und anwendbaren Vorschriften.<\/p>\n<p>5.3 Die Ung\u00fcltigkeit oder Nichtdurchsetzbarkeit einer Bestimmung dieser Bedingungen und Konditionen ber\u00fchrt nicht die G\u00fcltigkeit oder Durchsetzbarkeit der anderen Bestimmungen. Sollte sich eine Bestimmung als ung\u00fcltig oder anderweitig nicht durchsetzbar oder rechtswidrig erweisen, bleiben diese Bedingungen und Konditionen im \u00dcbrigen in Kraft und sind gem\u00e4\u00df ihren Bestimmungen so auszulegen, als ob die ung\u00fcltige oder rechtswidrige Bestimmung nicht enthalten w\u00e4re.<\/p>\n<p>5.4 Anwendbares Recht: Der Wettbewerb unterliegt ausschlie\u00dflich dem Recht der Bundesrepublik Deutschland.<\/p>\n<p>\u00a0<\/p>\n<\/div><\/div><\/div><\/div><\/div><\/div><\/div><\/div><!-- \/wp:post-content -->","protected":false},"excerpt":{"rendered":"","protected":false},"author":9,"featured_media":0,"parent":0,"menu_order":0,"comment_status":"closed","ping_status":"closed","template":"","meta":{"_acf_changed":false,"footnotes":""},"class_list":["post-99069","page","type-page","status-publish"],"acf":[],"yoast_head":"<!-- This site is optimized with the Yoast SEO Premium plugin v26.7 (Yoast SEO v26.7) - https:\/\/yoast.com\/wordpress\/plugins\/seo\/ -->\n<title>Bedingungen und Konditionen - StartupValley - Erfolgreich Gr\u00fcnden und durchstarten!<\/title>\n<meta name=\"robots\" content=\"index, follow, max-snippet:-1, max-image-preview:large, max-video-preview:-1\" \/>\n<link rel=\"canonical\" href=\"https:\/\/startupvalley.news\/de\/bedingungen-und-konditionen\/\" \/>\n<meta property=\"og:locale\" content=\"de_DE\" \/>\n<meta property=\"og:type\" content=\"article\" \/>\n<meta property=\"og:title\" content=\"Bedingungen und Konditionen\" \/>\n<meta property=\"og:url\" content=\"https:\/\/startupvalley.news\/de\/bedingungen-und-konditionen\/\" \/>\n<meta property=\"og:site_name\" content=\"StartupValley - Erfolgreich Gr\u00fcnden und durchstarten!\" \/>\n<meta property=\"article:publisher\" content=\"https:\/\/www.facebook.com\/startupvalleynews\" \/>\n<meta property=\"article:modified_time\" content=\"2026-03-18T10:16:39+00:00\" \/>\n<meta name=\"twitter:card\" content=\"summary_large_image\" \/>\n<meta name=\"twitter:site\" content=\"@startup_valley\" \/>\n<meta name=\"twitter:label1\" content=\"Gesch\u00e4tzte Lesezeit\" \/>\n\t<meta name=\"twitter:data1\" content=\"8\u00a0Minuten\" \/>\n<script type=\"application\/ld+json\" class=\"yoast-schema-graph\">{\"@context\":\"https:\/\/schema.org\",\"@graph\":[{\"@type\":\"WebPage\",\"@id\":\"https:\/\/startupvalley.news\/de\/bedingungen-und-konditionen\/\",\"url\":\"https:\/\/startupvalley.news\/de\/bedingungen-und-konditionen\/\",\"name\":\"Bedingungen und Konditionen - StartupValley - Erfolgreich Gr\u00fcnden und durchstarten!\",\"isPartOf\":{\"@id\":\"https:\/\/startupvalley.news\/de\/#website\"},\"datePublished\":\"2023-08-07T12:15:35+00:00\",\"dateModified\":\"2026-03-18T10:16:39+00:00\",\"breadcrumb\":{\"@id\":\"https:\/\/startupvalley.news\/de\/bedingungen-und-konditionen\/#breadcrumb\"},\"inLanguage\":\"de\",\"potentialAction\":[{\"@type\":\"ReadAction\",\"target\":[\"https:\/\/startupvalley.news\/de\/bedingungen-und-konditionen\/\"]}]},{\"@type\":\"BreadcrumbList\",\"@id\":\"https:\/\/startupvalley.news\/de\/bedingungen-und-konditionen\/#breadcrumb\",\"itemListElement\":[{\"@type\":\"ListItem\",\"position\":1,\"name\":\"Home\",\"item\":\"https:\/\/startupvalley.news\/de\/\"},{\"@type\":\"ListItem\",\"position\":2,\"name\":\"Bedingungen und Konditionen\"}]},{\"@type\":\"WebSite\",\"@id\":\"https:\/\/startupvalley.news\/de\/#website\",\"url\":\"https:\/\/startupvalley.news\/de\/\",\"name\":\"StartupValley\",\"description\":\"Die neuesten Trends der Startup-Szene: Finanzierung, Innovationen und Erfolgsgeschichten\",\"publisher\":{\"@id\":\"https:\/\/startupvalley.news\/de\/#organization\"},\"alternateName\":\"StartupValley Magazin\",\"potentialAction\":[{\"@type\":\"SearchAction\",\"target\":{\"@type\":\"EntryPoint\",\"urlTemplate\":\"https:\/\/startupvalley.news\/de\/?s={search_term_string}\"},\"query-input\":{\"@type\":\"PropertyValueSpecification\",\"valueRequired\":true,\"valueName\":\"search_term_string\"}}],\"inLanguage\":\"de\"},{\"@type\":\"Organization\",\"@id\":\"https:\/\/startupvalley.news\/de\/#organization\",\"name\":\"StartupValley Media\",\"url\":\"https:\/\/startupvalley.news\/de\/\",\"logo\":{\"@type\":\"ImageObject\",\"inLanguage\":\"de\",\"@id\":\"https:\/\/startupvalley.news\/de\/#\/schema\/logo\/image\/\",\"url\":\"https:\/\/startupvalley.news\/de\/wp-content\/uploads\/sites\/2\/2020\/12\/StartupValley-LOGO-neu-retina.png\",\"contentUrl\":\"https:\/\/startupvalley.news\/de\/wp-content\/uploads\/sites\/2\/2020\/12\/StartupValley-LOGO-neu-retina.png\",\"width\":460,\"height\":180,\"caption\":\"StartupValley Media\"},\"image\":{\"@id\":\"https:\/\/startupvalley.news\/de\/#\/schema\/logo\/image\/\"},\"sameAs\":[\"https:\/\/www.facebook.com\/startupvalleynews\",\"https:\/\/x.com\/startup_valley\",\"https:\/\/www.twitch.tv\/startupvalley\",\"https:\/\/www.linkedin.com\/company\/startupvalleymagazine\",\"https:\/\/www.instagram.com\/startup_valley\"]}]}<\/script>\n<!-- \/ Yoast SEO Premium plugin. -->","yoast_head_json":{"title":"Bedingungen und Konditionen - StartupValley - Erfolgreich Gr\u00fcnden und durchstarten!","robots":{"index":"index","follow":"follow","max-snippet":"max-snippet:-1","max-image-preview":"max-image-preview:large","max-video-preview":"max-video-preview:-1"},"canonical":"https:\/\/startupvalley.news\/de\/bedingungen-und-konditionen\/","og_locale":"de_DE","og_type":"article","og_title":"Bedingungen und Konditionen","og_url":"https:\/\/startupvalley.news\/de\/bedingungen-und-konditionen\/","og_site_name":"StartupValley - Erfolgreich Gr\u00fcnden und durchstarten!","article_publisher":"https:\/\/www.facebook.com\/startupvalleynews","article_modified_time":"2026-03-18T10:16:39+00:00","twitter_card":"summary_large_image","twitter_site":"@startup_valley","twitter_misc":{"Gesch\u00e4tzte Lesezeit":"8\u00a0Minuten"},"schema":{"@context":"https:\/\/schema.org","@graph":[{"@type":"WebPage","@id":"https:\/\/startupvalley.news\/de\/bedingungen-und-konditionen\/","url":"https:\/\/startupvalley.news\/de\/bedingungen-und-konditionen\/","name":"Bedingungen und Konditionen - StartupValley - Erfolgreich Gr\u00fcnden und durchstarten!","isPartOf":{"@id":"https:\/\/startupvalley.news\/de\/#website"},"datePublished":"2023-08-07T12:15:35+00:00","dateModified":"2026-03-18T10:16:39+00:00","breadcrumb":{"@id":"https:\/\/startupvalley.news\/de\/bedingungen-und-konditionen\/#breadcrumb"},"inLanguage":"de","potentialAction":[{"@type":"ReadAction","target":["https:\/\/startupvalley.news\/de\/bedingungen-und-konditionen\/"]}]},{"@type":"BreadcrumbList","@id":"https:\/\/startupvalley.news\/de\/bedingungen-und-konditionen\/#breadcrumb","itemListElement":[{"@type":"ListItem","position":1,"name":"Home","item":"https:\/\/startupvalley.news\/de\/"},{"@type":"ListItem","position":2,"name":"Bedingungen und Konditionen"}]},{"@type":"WebSite","@id":"https:\/\/startupvalley.news\/de\/#website","url":"https:\/\/startupvalley.news\/de\/","name":"StartupValley","description":"Die neuesten Trends der Startup-Szene: Finanzierung, Innovationen und Erfolgsgeschichten","publisher":{"@id":"https:\/\/startupvalley.news\/de\/#organization"},"alternateName":"StartupValley Magazin","potentialAction":[{"@type":"SearchAction","target":{"@type":"EntryPoint","urlTemplate":"https:\/\/startupvalley.news\/de\/?s={search_term_string}"},"query-input":{"@type":"PropertyValueSpecification","valueRequired":true,"valueName":"search_term_string"}}],"inLanguage":"de"},{"@type":"Organization","@id":"https:\/\/startupvalley.news\/de\/#organization","name":"StartupValley Media","url":"https:\/\/startupvalley.news\/de\/","logo":{"@type":"ImageObject","inLanguage":"de","@id":"https:\/\/startupvalley.news\/de\/#\/schema\/logo\/image\/","url":"https:\/\/startupvalley.news\/de\/wp-content\/uploads\/sites\/2\/2020\/12\/StartupValley-LOGO-neu-retina.png","contentUrl":"https:\/\/startupvalley.news\/de\/wp-content\/uploads\/sites\/2\/2020\/12\/StartupValley-LOGO-neu-retina.png","width":460,"height":180,"caption":"StartupValley Media"},"image":{"@id":"https:\/\/startupvalley.news\/de\/#\/schema\/logo\/image\/"},"sameAs":["https:\/\/www.facebook.com\/startupvalleynews","https:\/\/x.com\/startup_valley","https:\/\/www.twitch.tv\/startupvalley","https:\/\/www.linkedin.com\/company\/startupvalleymagazine","https:\/\/www.instagram.com\/startup_valley"]}]}},"_links":{"self":[{"href":"https:\/\/startupvalley.news\/de\/wp-json\/wp\/v2\/pages\/99069","targetHints":{"allow":["GET"]}}],"collection":[{"href":"https:\/\/startupvalley.news\/de\/wp-json\/wp\/v2\/pages"}],"about":[{"href":"https:\/\/startupvalley.news\/de\/wp-json\/wp\/v2\/types\/page"}],"author":[{"embeddable":true,"href":"https:\/\/startupvalley.news\/de\/wp-json\/wp\/v2\/users\/9"}],"replies":[{"embeddable":true,"href":"https:\/\/startupvalley.news\/de\/wp-json\/wp\/v2\/comments?post=99069"}],"version-history":[{"count":29,"href":"https:\/\/startupvalley.news\/de\/wp-json\/wp\/v2\/pages\/99069\/revisions"}],"predecessor-version":[{"id":121516,"href":"https:\/\/startupvalley.news\/de\/wp-json\/wp\/v2\/pages\/99069\/revisions\/121516"}],"wp:attachment":[{"href":"https:\/\/startupvalley.news\/de\/wp-json\/wp\/v2\/media?parent=99069"}],"curies":[{"name":"wp","href":"https:\/\/api.w.org\/{rel}","templated":true}]}}